{"id":486,"date":"2025-09-26T23:13:58","date_gmt":"2025-09-26T23:13:58","guid":{"rendered":"https:\/\/vipairporttaxi.nl\/?page_id=486"},"modified":"2025-09-26T23:14:39","modified_gmt":"2025-09-26T23:14:39","slug":"minibus-taxi-schiphol-hoofddorp-voordelig","status":"publish","type":"page","link":"https:\/\/vipairporttaxi.nl\/en\/minibus-taxi-schiphol-hoofddorp-voordelig\/","title":{"rendered":"Minibus taxi Schiphol Hoofddorp voordelig"},"content":{"rendered":"<div data-elementor-type=\"wp-page\" data-elementor-id=\"486\" class=\"elementor elementor-486\" data-elementor-post-type=\"page\">\n\t\t\t\t<div class=\"elementor-element elementor-element-18c6dfd e-flex e-con-boxed e-con e-parent\" data-id=\"18c6dfd\" data-element_type=\"container\" data-settings=\"{&quot;background_background&quot;:&quot;classic&quot;}\">\n\t\t\t\t\t<div class=\"e-con-inner\">\n\t\t<div class=\"elementor-element elementor-element-fb5ba9b e-con-full e-flex e-con e-child\" data-id=\"fb5ba9b\" data-element_type=\"container\">\n\t\t<div class=\"elementor-element elementor-element-9021d0e e-con-full e-flex e-con e-child\" data-id=\"9021d0e\" data-element_type=\"container\">\n\t\t\t\t<div class=\"elementor-element elementor-element-33599bf elementor-widget__width-initial elementor-widget elementor-widget-heading\" data-id=\"33599bf\" data-element_type=\"widget\" data-widget_type=\"heading.default\">\n\t\t\t\t\t<h1 class=\"elementor-heading-title elementor-size-default\">Minibus taxi Schiphol Hoofddorp voordelig<\/h1>\t\t\t\t<\/div>\n\t\t<div class=\"elementor-element elementor-element-aff3341 e-con-full e-flex e-con e-child\" data-id=\"aff3341\" data-element_type=\"container\">\n\t\t\t\t<div class=\"elementor-element elementor-element-129e585 elementor-align-left elementor-widget__width-initial elementor-widget-mobile__width-initial elementor-widget elementor-widget-button\" data-id=\"129e585\" data-element_type=\"widget\" data-widget_type=\"button.default\">\n\t\t\t\t\t\t\t\t\t\t<a class=\"elementor-button elementor-button-link elementor-size-sm elementor-animation-pulse-shrink\" href=\"tel:+31203086558\" target=\"_blank\">\n\t\t\t\t\t\t<span class=\"elementor-button-content-wrapper\">\n\t\t\t\t\t\t<span class=\"elementor-button-icon\">\n\t\t\t\t\t\t\t<\/span>\n\t\t\t\t\t\t\t\t\t<span class=\"elementor-button-text\">Or call directly!<\/span>\n\t\t\t\t\t<\/span>\n\t\t\t\t\t<\/a>\n\t\t\t\t\t\t\t\t<\/div>\n\t\t\t\t<div class=\"elementor-element elementor-element-8eb0086 elementor-align-left elementor-widget__width-initial elementor-widget-mobile__width-initial elementor-widget elementor-widget-button\" data-id=\"8eb0086\" data-element_type=\"widget\" data-widget_type=\"button.default\">\n\t\t\t\t\t\t\t\t\t\t<a class=\"elementor-button elementor-button-link elementor-size-sm elementor-animation-pulse-shrink\" href=\"https:\/\/vipairporttaxi.nl\/en\/boeken\/\" target=\"_blank\">\n\t\t\t\t\t\t<span class=\"elementor-button-content-wrapper\">\n\t\t\t\t\t\t<span class=\"elementor-button-icon\">\n\t\t\t\t\t\t\t<\/span>\n\t\t\t\t\t\t\t\t\t<span class=\"elementor-button-text\">Book a Taxi<\/span>\n\t\t\t\t\t<\/span>\n\t\t\t\t\t<\/a>\n\t\t\t\t\t\t\t\t<\/div>\n\t\t\t\t<\/div>\n\t\t\t\t<\/div>\n\t\t<div class=\"elementor-element elementor-element-5fc2d38 e-con-full e-flex e-con e-child\" data-id=\"5fc2d38\" data-element_type=\"container\">\n\t\t\t\t<div class=\"elementor-element elementor-element-19538d9 elementor-widget elementor-widget-image\" data-id=\"19538d9\" data-element_type=\"widget\" data-widget_type=\"image.default\">\n\t\t\t\t\t\t\t\t\t\t\t\t\t\t\t<img fetchpriority=\"high\" decoding=\"async\" width=\"302\" height=\"610\" src=\"https:\/\/vipairporttaxi.nl\/wp-content\/uploads\/2025\/09\/logotaximbl-e1758664871174.png\" class=\"attachment-large size-large wp-image-422\" alt=\"\" srcset=\"https:\/\/vipairporttaxi.nl\/wp-content\/uploads\/2025\/09\/logotaximbl-e1758664871174.png 302w, https:\/\/vipairporttaxi.nl\/wp-content\/uploads\/2025\/09\/logotaximbl-e1758664871174-149x300.png 149w, https:\/\/vipairporttaxi.nl\/wp-content\/uploads\/2025\/09\/logotaximbl-e1758664871174-6x12.png 6w\" sizes=\"(max-width: 302px) 100vw, 302px\" \/>\t\t\t\t\t\t\t\t\t\t\t\t\t\t\t<\/div>\n\t\t\t\t<\/div>\n\t\t\t\t<\/div>\n\t\t\t\t\t<\/div>\n\t\t\t\t<\/div>\n\t\t<div class=\"elementor-element elementor-element-790e73c e-flex e-con-boxed e-con e-parent\" data-id=\"790e73c\" data-element_type=\"container\" data-settings=\"{&quot;background_background&quot;:&quot;classic&quot;}\">\n\t\t\t\t\t<div class=\"e-con-inner\">\n\t\t<div class=\"elementor-element elementor-element-c0c6047 e-con-full e-flex e-con e-child\" data-id=\"c0c6047\" data-element_type=\"container\">\n\t\t<div class=\"elementor-element elementor-element-2bf7672 e-con-full e-flex e-con e-child\" data-id=\"2bf7672\" data-element_type=\"container\">\n\t\t\t\t<div class=\"elementor-element elementor-element-d4c1107 elementor-widget__width-initial elementor-widget elementor-widget-heading\" data-id=\"d4c1107\" data-element_type=\"widget\" data-widget_type=\"heading.default\">\n\t\t\t\t\t<h3 class=\"elementor-heading-title elementor-size-default\">Boek uw Taxi<\/h3>\t\t\t\t<\/div>\n\t\t\t\t<div class=\"elementor-element elementor-element-48315d6 elementor-widget__width-initial elementor-widget elementor-widget-heading\" data-id=\"48315d6\" data-element_type=\"widget\" data-widget_type=\"heading.default\">\n\t\t\t\t\t<h3 class=\"elementor-heading-title elementor-size-default\">FIXED LOW RATES<\/h3>\t\t\t\t<\/div>\n\t\t\t\t<div class=\"elementor-element elementor-element-19eda50 elementor-widget-divider--view-line elementor-widget elementor-widget-divider\" data-id=\"19eda50\" data-element_type=\"widget\" data-widget_type=\"divider.default\">\n\t\t\t\t\t\t\t<div class=\"elementor-divider\">\n\t\t\t<span class=\"elementor-divider-separator\">\n\t\t\t\t\t\t<\/span>\n\t\t<\/div>\n\t\t\t\t\t\t<\/div>\n\t\t\t\t<div class=\"elementor-element elementor-element-d502c8d elementor-widget elementor-widget-html\" data-id=\"d502c8d\" data-element_type=\"widget\" data-widget_type=\"html.default\">\n\t\t\t\t\t<link href=\"https:\/\/inloggentaxi.nl\/vipairporttaxi\/core\/framework\/libs\/pj\/css\/pj.bootstrap.min.css\" type=\"text\/css\" rel=\"stylesheet\" \/>\r\n                        <link href=\"https:\/\/inloggentaxi.nl\/vipairporttaxi\/index.php?controller=pjFrontEnd&action=pjActionLoadCss\" type=\"text\/css\" rel=\"stylesheet\" \/>\r\n                        <script type=\"text\/javascript\" src=\"https:\/\/inloggentaxi.nl\/vipairporttaxi\/index.php?controller=pjFrontEnd&action=pjActionLoad&locale=2\"><\/script>\r\n                    \t\t\t\t<\/div>\n\t\t\t\t<\/div>\n\t\t\t\t<\/div>\n\t\t\t\t\t<\/div>\n\t\t\t\t<\/div>\n\t\t<div class=\"elementor-element elementor-element-5184fca e-flex e-con-boxed e-con e-parent\" data-id=\"5184fca\" data-element_type=\"container\" data-settings=\"{&quot;background_background&quot;:&quot;classic&quot;}\">\n\t\t\t\t\t<div class=\"e-con-inner\">\n\t\t<div class=\"elementor-element elementor-element-c408453 e-con-full e-flex e-con e-child\" data-id=\"c408453\" data-element_type=\"container\">\n\t\t\t\t<div class=\"elementor-element elementor-element-0bf5973 elementor-view-stacked elementor-shape-rounded elementor-position-left elementor-mobile-position-top elementor-widget elementor-widget-icon-box\" data-id=\"0bf5973\" data-element_type=\"widget\" data-widget_type=\"icon-box.default\">\n\t\t\t\t\t\t\t<div class=\"elementor-icon-box-wrapper\">\n\n\t\t\t\t\t\t<div class=\"elementor-icon-box-icon\">\n\t\t\t\t<span  class=\"elementor-icon\">\n\t\t\t\t<svg aria-hidden=\"true\" class=\"e-font-icon-svg e-fas-car-alt\" viewbox=\"0 0 480 512\" xmlns=\"http:\/\/www.w3.org\/2000\/svg\"><path d=\"M438.66 212.33l-11.24-28.1-19.93-49.83C390.38 91.63 349.57 64 303.5 64h-127c-46.06 0-86.88 27.63-103.99 70.4l-19.93 49.83-11.24 28.1C17.22 221.5 0 244.66 0 272v48c0 16.12 6.16 30.67 16 41.93V416c0 17.67 14.33 32 32 32h32c17.67 0 32-14.33 32-32v-32h256v32c0 17.67 14.33 32 32 32h32c17.67 0 32-14.33 32-32v-54.07c9.84-11.25 16-25.8 16-41.93v-48c0-27.34-17.22-50.5-41.34-59.67zm-306.73-54.16c7.29-18.22 24.94-30.17 44.57-30.17h127c19.63 0 37.28 11.95 44.57 30.17L368 208H112l19.93-49.83zM80 319.8c-19.2 0-32-12.76-32-31.9S60.8 256 80 256s48 28.71 48 47.85-28.8 15.95-48 15.95zm320 0c-19.2 0-48 3.19-48-15.95S380.8 256 400 256s32 12.76 32 31.9-12.8 31.9-32 31.9z\"><\/path><\/svg>\t\t\t\t<\/span>\n\t\t\t<\/div>\n\t\t\t\n\t\t\t\t\t\t<div class=\"elementor-icon-box-content\">\n\n\t\t\t\t\t\t\t\t\t<h2 class=\"elementor-icon-box-title\">\n\t\t\t\t\t\t<span  >\n\t\t\t\t\t\t\tLuxe wagenpark\t\t\t\t\t\t<\/span>\n\t\t\t\t\t<\/h2>\n\t\t\t\t\n\t\t\t\t\t\t\t\t\t<p class=\"elementor-icon-box-description\">\n\t\t\t\t\t\tOnze exclusieve Mercedes-vloot is altijd beschikbaar voor uw comfort\t\t\t\t\t<\/p>\n\t\t\t\t\n\t\t\t<\/div>\n\t\t\t\n\t\t<\/div>\n\t\t\t\t\t\t<\/div>\n\t\t\t\t<\/div>\n\t\t<div class=\"elementor-element elementor-element-766fa97 e-con-full e-flex e-con e-child\" data-id=\"766fa97\" data-element_type=\"container\">\n\t\t\t\t<div class=\"elementor-element elementor-element-263eeab elementor-view-stacked elementor-shape-rounded elementor-position-left elementor-mobile-position-top elementor-widget elementor-widget-icon-box\" data-id=\"263eeab\" data-element_type=\"widget\" data-widget_type=\"icon-box.default\">\n\t\t\t\t\t\t\t<div class=\"elementor-icon-box-wrapper\">\n\n\t\t\t\t\t\t<div class=\"elementor-icon-box-icon\">\n\t\t\t\t<span  class=\"elementor-icon\">\n\t\t\t\t<svg aria-hidden=\"true\" class=\"e-font-icon-svg e-fas-user\" viewbox=\"0 0 448 512\" xmlns=\"http:\/\/www.w3.org\/2000\/svg\"><path d=\"M224 256c70.7 0 128-57.3 128-128S294.7 0 224 0 96 57.3 96 128s57.3 128 128 128zm89.6 32h-16.7c-22.2 10.2-46.9 16-72.9 16s-50.6-5.8-72.9-16h-16.7C60.2 288 0 348.2 0 422.4V464c0 26.5 21.5 48 48 48h352c26.5 0 48-21.5 48-48v-41.6c0-74.2-60.2-134.4-134.4-134.4z\"><\/path><\/svg>\t\t\t\t<\/span>\n\t\t\t<\/div>\n\t\t\t\n\t\t\t\t\t\t<div class=\"elementor-icon-box-content\">\n\n\t\t\t\t\t\t\t\t\t<h2 class=\"elementor-icon-box-title\">\n\t\t\t\t\t\t<span  >\n\t\t\t\t\t\t\tOnze chauffeurs\t\t\t\t\t\t<\/span>\n\t\t\t\t\t<\/h2>\n\t\t\t\t\n\t\t\t\t\t\t\t\t\t<p class=\"elementor-icon-box-description\">\n\t\t\t\t\t\tProfessioneel, deskundig en klantgericht\n\n\t\t\t\t\t<\/p>\n\t\t\t\t\n\t\t\t<\/div>\n\t\t\t\n\t\t<\/div>\n\t\t\t\t\t\t<\/div>\n\t\t\t\t<\/div>\n\t\t<div class=\"elementor-element elementor-element-f7ab394 e-con-full e-flex e-con e-child\" data-id=\"f7ab394\" data-element_type=\"container\">\n\t\t\t\t<div class=\"elementor-element elementor-element-72bb274 elementor-view-stacked elementor-shape-rounded elementor-position-left elementor-mobile-position-top elementor-widget elementor-widget-icon-box\" data-id=\"72bb274\" data-element_type=\"widget\" data-widget_type=\"icon-box.default\">\n\t\t\t\t\t\t\t<div class=\"elementor-icon-box-wrapper\">\n\n\t\t\t\t\t\t<div class=\"elementor-icon-box-icon\">\n\t\t\t\t<span  class=\"elementor-icon\">\n\t\t\t\t<svg aria-hidden=\"true\" class=\"e-font-icon-svg e-fas-user-clock\" viewbox=\"0 0 640 512\" xmlns=\"http:\/\/www.w3.org\/2000\/svg\"><path d=\"M496 224c-79.6 0-144 64.4-144 144s64.4 144 144 144 144-64.4 144-144-64.4-144-144-144zm64 150.3c0 5.3-4.4 9.7-9.7 9.7h-60.6c-5.3 0-9.7-4.4-9.7-9.7v-76.6c0-5.3 4.4-9.7 9.7-9.7h12.6c5.3 0 9.7 4.4 9.7 9.7V352h38.3c5.3 0 9.7 4.4 9.7 9.7v12.6zM320 368c0-27.8 6.7-54.1 18.2-77.5-8-1.5-16.2-2.5-24.6-2.5h-16.7c-22.2 10.2-46.9 16-72.9 16s-50.6-5.8-72.9-16h-16.7C60.2 288 0 348.2 0 422.4V464c0 26.5 21.5 48 48 48h347.1c-45.3-31.9-75.1-84.5-75.1-144zm-96-112c70.7 0 128-57.3 128-128S294.7 0 224 0 96 57.3 96 128s57.3 128 128 128z\"><\/path><\/svg>\t\t\t\t<\/span>\n\t\t\t<\/div>\n\t\t\t\n\t\t\t\t\t\t<div class=\"elementor-icon-box-content\">\n\n\t\t\t\t\t\t\t\t\t<h2 class=\"elementor-icon-box-title\">\n\t\t\t\t\t\t<span  >\n\t\t\t\t\t\t\tKlantenservice\t\t\t\t\t\t<\/span>\n\t\t\t\t\t<\/h2>\n\t\t\t\t\n\t\t\t\t\t\t\t\t\t<p class=\"elementor-icon-box-description\">\n\t\t\t\t\t\tRond de klok beschikbaar voor al uw boekingen en informatieverzoeken\n\n\t\t\t\t\t<\/p>\n\t\t\t\t\n\t\t\t<\/div>\n\t\t\t\n\t\t<\/div>\n\t\t\t\t\t\t<\/div>\n\t\t\t\t<\/div>\n\t\t\t\t\t<\/div>\n\t\t\t\t<\/div>\n\t\t<div class=\"elementor-element elementor-element-d07d39e e-flex e-con-boxed e-con e-parent\" data-id=\"d07d39e\" data-element_type=\"container\" data-settings=\"{&quot;background_background&quot;:&quot;classic&quot;}\">\n\t\t\t\t\t<div class=\"e-con-inner\">\n\t\t<div class=\"elementor-element elementor-element-ff0e892 e-con-full e-flex e-con e-child\" data-id=\"ff0e892\" data-element_type=\"container\" data-settings=\"{&quot;background_background&quot;:&quot;classic&quot;}\">\n\t\t<div class=\"elementor-element elementor-element-462a3f8 e-con-full e-flex e-con e-child\" data-id=\"462a3f8\" data-element_type=\"container\">\n\t\t\t\t<div class=\"elementor-element elementor-element-dc6ca0c elementor-widget__width-initial elementor-widget elementor-widget-heading\" data-id=\"dc6ca0c\" data-element_type=\"widget\" data-widget_type=\"heading.default\">\n\t\t\t\t\t<h2 class=\"elementor-heading-title elementor-size-default\">Minibus taxi Schiphol Hoofddorp voordelig<\/h2>\t\t\t\t<\/div>\n\t\t\t\t<div class=\"elementor-element elementor-element-a43f007 elementor-widget-divider--view-line elementor-widget elementor-widget-divider\" data-id=\"a43f007\" data-element_type=\"widget\" data-widget_type=\"divider.default\">\n\t\t\t\t\t\t\t<div class=\"elementor-divider\">\n\t\t\t<span class=\"elementor-divider-separator\">\n\t\t\t\t\t\t<\/span>\n\t\t<\/div>\n\t\t\t\t\t\t<\/div>\n\t\t\t\t<div class=\"elementor-element elementor-element-976d49d elementor-widget elementor-widget-text-editor\" data-id=\"976d49d\" data-element_type=\"widget\" data-widget_type=\"text-editor.default\">\n\t\t\t\t\t\t\t\t\t<div class=\"elementor-element elementor-element-272c673 elementor-widget elementor-widget-tp-adv-text-block\" data-id=\"272c673\" data-element_type=\"widget\" data-widget_type=\"tp-adv-text-block.default\"><div class=\"elementor-widget-container\"><div class=\"pt-plus-text-block-wrapper\"><div class=\"text_block_parallax\"><div class=\"pt_plus_adv_text_block\"><div class=\"text-content-block\"><p>Reist u met een grotere groep of veel bagage en zoekt u naar een slimme oplossing? Kies dan voor de <b>Minibus taxi Schiphol Hoofddorp voordelig<\/b>! Wij bieden de perfecte combinatie van ruimte, comfort en een scherpe prijs. Dit is de meest economische en effici\u00ebnte manier om uw gezelschap in \u00e9\u00e9n keer van de luchthaven naar Hoofddorp te vervoeren, zonder in te leveren op kwaliteit.<\/p><p>Onze ruime minibus is ideaal voor families, collega&#8217;s of vrienden en garandeert een stressvrije reis met voldoende plek voor iedereen. De <b>Minibus taxi Schiphol Hoofddorp voordelig<\/b> optie betekent een vaste, lage prijs zonder verrassingen achteraf. Boek nu bij <b>VIP Airport Taxi<\/b> en ervaar hoe makkelijk en goedkoop groepsvervoer kan zijn. Zo begint uw reis direct fantastisch!<\/p><\/div><\/div><\/div><\/div><\/div><\/div>\t\t\t\t\t\t\t\t<\/div>\n\t\t\t\t<div class=\"elementor-element elementor-element-d6db35c elementor-align-left elementor-widget__width-initial elementor-widget-mobile__width-initial elementor-widget elementor-widget-button\" data-id=\"d6db35c\" data-element_type=\"widget\" data-widget_type=\"button.default\">\n\t\t\t\t\t\t\t\t\t\t<a class=\"elementor-button elementor-button-link elementor-size-sm elementor-animation-pulse-shrink\" href=\"https:\/\/vipairporttaxi.nl\/en\/boeken\/\" target=\"_blank\">\n\t\t\t\t\t\t<span class=\"elementor-button-content-wrapper\">\n\t\t\t\t\t\t<span class=\"elementor-button-icon\">\n\t\t\t\t\t\t\t<\/span>\n\t\t\t\t\t\t\t\t\t<span class=\"elementor-button-text\">Book a Taxi<\/span>\n\t\t\t\t\t<\/span>\n\t\t\t\t\t<\/a>\n\t\t\t\t\t\t\t\t<\/div>\n\t\t\t\t<\/div>\n\t\t\t\t<\/div>\n\t\t\t\t\t<\/div>\n\t\t\t\t<\/div>\n\t\t\t\t<\/div>","protected":false},"excerpt":{"rendered":"<p>Minibus taxi Schiphol Hoofddorp voordelig Of bel direct! Taxi Boeken Boek uw Taxi VASTE LAGE TARIEVEN Luxe wagenpark Onze exclusieve Mercedes-vloot is altijd beschikbaar voor uw comfort Onze chauffeurs Professioneel, deskundig en klantgericht Klantenservice Rond de klok beschikbaar voor al uw boekingen en informatieverzoeken Minibus taxi Schiphol Hoofddorp voordelig Reist u met een grotere groep [&hellip;]<\/p>","protected":false},"author":1,"featured_media":315,"parent":0,"menu_order":0,"comment_status":"closed","ping_status":"closed","template":"","meta":{"_joinchat":[],"footnotes":""},"class_list":["post-486","page","type-page","status-publish","has-post-thumbnail","hentry"],"yoast_head":"<!-- This site is optimized with the Yoast SEO plugin v26.3 - https:\/\/yoast.com\/wordpress\/plugins\/seo\/ -->\n<title>Minibus taxi Schiphol Hoofddorp voordelig<\/title>\n<meta name=\"robots\" content=\"index, follow, max-snippet:-1, max-image-preview:large, max-video-preview:-1\" \/>\n<link rel=\"canonical\" href=\"https:\/\/vipairporttaxi.nl\/en\/minibus-taxi-schiphol-hoofddorp-voordelig\/\" \/>\n<meta property=\"og:locale\" content=\"en_US\" \/>\n<meta property=\"og:type\" content=\"article\" \/>\n<meta property=\"og:title\" content=\"Minibus taxi Schiphol Hoofddorp voordelig\" \/>\n<meta property=\"og:description\" content=\"Minibus taxi Schiphol Hoofddorp voordelig Of bel direct! Taxi Boeken Boek uw Taxi VASTE LAGE TARIEVEN Luxe wagenpark Onze exclusieve Mercedes-vloot is altijd beschikbaar voor uw comfort Onze chauffeurs Professioneel, deskundig en klantgericht Klantenservice Rond de klok beschikbaar voor al uw boekingen en informatieverzoeken Minibus taxi Schiphol Hoofddorp voordelig Reist u met een grotere groep [&hellip;]\" \/>\n<meta property=\"og:url\" content=\"https:\/\/vipairporttaxi.nl\/en\/minibus-taxi-schiphol-hoofddorp-voordelig\/\" \/>\n<meta property=\"og:site_name\" content=\"VIP Airport Taxi\" \/>\n<meta property=\"article:modified_time\" content=\"2025-09-26T23:14:39+00:00\" \/>\n<meta property=\"og:image\" content=\"https:\/\/vipairporttaxi.nl\/wp-content\/uploads\/2025\/08\/Hotel-taxi-600x380-1.jpg\" \/>\n\t<meta property=\"og:image:width\" content=\"600\" \/>\n\t<meta property=\"og:image:height\" content=\"380\" \/>\n\t<meta property=\"og:image:type\" content=\"image\/jpeg\" \/>\n<meta name=\"twitter:card\" content=\"summary_large_image\" \/>\n<meta name=\"twitter:label1\" content=\"Est. reading time\" \/>\n\t<meta name=\"twitter:data1\" content=\"1 minute\" \/>\n<script type=\"application\/ld+json\" class=\"yoast-schema-graph\">{\"@context\":\"https:\/\/schema.org\",\"@graph\":[{\"@type\":\"WebPage\",\"@id\":\"https:\/\/vipairporttaxi.nl\/minibus-taxi-schiphol-hoofddorp-voordelig\/\",\"url\":\"https:\/\/vipairporttaxi.nl\/minibus-taxi-schiphol-hoofddorp-voordelig\/\",\"name\":\"Minibus taxi Schiphol Hoofddorp voordelig\",\"isPartOf\":{\"@id\":\"https:\/\/vipairporttaxi.nl\/#website\"},\"primaryImageOfPage\":{\"@id\":\"https:\/\/vipairporttaxi.nl\/minibus-taxi-schiphol-hoofddorp-voordelig\/#primaryimage\"},\"image\":{\"@id\":\"https:\/\/vipairporttaxi.nl\/minibus-taxi-schiphol-hoofddorp-voordelig\/#primaryimage\"},\"thumbnailUrl\":\"https:\/\/vipairporttaxi.nl\/wp-content\/uploads\/2025\/08\/Hotel-taxi-600x380-1.jpg\",\"datePublished\":\"2025-09-26T23:13:58+00:00\",\"dateModified\":\"2025-09-26T23:14:39+00:00\",\"breadcrumb\":{\"@id\":\"https:\/\/vipairporttaxi.nl\/minibus-taxi-schiphol-hoofddorp-voordelig\/#breadcrumb\"},\"inLanguage\":\"en-US\",\"potentialAction\":[{\"@type\":\"ReadAction\",\"target\":[\"https:\/\/vipairporttaxi.nl\/minibus-taxi-schiphol-hoofddorp-voordelig\/\"]}]},{\"@type\":\"ImageObject\",\"inLanguage\":\"en-US\",\"@id\":\"https:\/\/vipairporttaxi.nl\/minibus-taxi-schiphol-hoofddorp-voordelig\/#primaryimage\",\"url\":\"https:\/\/vipairporttaxi.nl\/wp-content\/uploads\/2025\/08\/Hotel-taxi-600x380-1.jpg\",\"contentUrl\":\"https:\/\/vipairporttaxi.nl\/wp-content\/uploads\/2025\/08\/Hotel-taxi-600x380-1.jpg\",\"width\":600,\"height\":380,\"caption\":\"VIP Airport Taxi\"},{\"@type\":\"BreadcrumbList\",\"@id\":\"https:\/\/vipairporttaxi.nl\/minibus-taxi-schiphol-hoofddorp-voordelig\/#breadcrumb\",\"itemListElement\":[{\"@type\":\"ListItem\",\"position\":1,\"name\":\"Home\",\"item\":\"https:\/\/vipairporttaxi.nl\/\"},{\"@type\":\"ListItem\",\"position\":2,\"name\":\"Minibus taxi Schiphol Hoofddorp voordelig\"}]},{\"@type\":\"WebSite\",\"@id\":\"https:\/\/vipairporttaxi.nl\/#website\",\"url\":\"https:\/\/vipairporttaxi.nl\/\",\"name\":\"VIP Airport Taxi\",\"description\":\"Amsterdam Haarlemmermeer Schiphol\",\"publisher\":{\"@id\":\"https:\/\/vipairporttaxi.nl\/#organization\"},\"potentialAction\":[{\"@type\":\"SearchAction\",\"target\":{\"@type\":\"EntryPoint\",\"urlTemplate\":\"https:\/\/vipairporttaxi.nl\/?s={search_term_string}\"},\"query-input\":{\"@type\":\"PropertyValueSpecification\",\"valueRequired\":true,\"valueName\":\"search_term_string\"}}],\"inLanguage\":\"en-US\"},{\"@type\":\"Organization\",\"@id\":\"https:\/\/vipairporttaxi.nl\/#organization\",\"name\":\"Airport Taxi\",\"url\":\"https:\/\/vipairporttaxi.nl\/\",\"logo\":{\"@type\":\"ImageObject\",\"inLanguage\":\"en-US\",\"@id\":\"https:\/\/vipairporttaxi.nl\/#\/schema\/logo\/image\/\",\"url\":\"https:\/\/vipairporttaxi.nl\/wp-content\/uploads\/2025\/08\/cropped-DALL\u00b7E-2025-01-09-17_24_43-A-modern-an.avif\",\"contentUrl\":\"https:\/\/vipairporttaxi.nl\/wp-content\/uploads\/2025\/08\/cropped-DALL\u00b7E-2025-01-09-17_24_43-A-modern-an.avif\",\"width\":512,\"height\":512,\"caption\":\"Airport Taxi\"},\"image\":{\"@id\":\"https:\/\/vipairporttaxi.nl\/#\/schema\/logo\/image\/\"}}]}<\/script>\n<!-- \/ Yoast SEO plugin. -->","yoast_head_json":{"title":"Minibus taxi Schiphol Hoofddorp voordelig","robots":{"index":"index","follow":"follow","max-snippet":"max-snippet:-1","max-image-preview":"max-image-preview:large","max-video-preview":"max-video-preview:-1"},"canonical":"https:\/\/vipairporttaxi.nl\/en\/minibus-taxi-schiphol-hoofddorp-voordelig\/","og_locale":"en_US","og_type":"article","og_title":"Minibus taxi Schiphol Hoofddorp voordelig","og_description":"Minibus taxi Schiphol Hoofddorp voordelig Of bel direct! Taxi Boeken Boek uw Taxi VASTE LAGE TARIEVEN Luxe wagenpark Onze exclusieve Mercedes-vloot is altijd beschikbaar voor uw comfort Onze chauffeurs Professioneel, deskundig en klantgericht Klantenservice Rond de klok beschikbaar voor al uw boekingen en informatieverzoeken Minibus taxi Schiphol Hoofddorp voordelig Reist u met een grotere groep [&hellip;]","og_url":"https:\/\/vipairporttaxi.nl\/en\/minibus-taxi-schiphol-hoofddorp-voordelig\/","og_site_name":"VIP Airport Taxi","article_modified_time":"2025-09-26T23:14:39+00:00","og_image":[{"width":600,"height":380,"url":"https:\/\/vipairporttaxi.nl\/wp-content\/uploads\/2025\/08\/Hotel-taxi-600x380-1.jpg","type":"image\/jpeg"}],"twitter_card":"summary_large_image","twitter_misc":{"Est. reading time":"1 minute"},"schema":{"@context":"https:\/\/schema.org","@graph":[{"@type":"WebPage","@id":"https:\/\/vipairporttaxi.nl\/minibus-taxi-schiphol-hoofddorp-voordelig\/","url":"https:\/\/vipairporttaxi.nl\/minibus-taxi-schiphol-hoofddorp-voordelig\/","name":"Minibus taxi Schiphol Hoofddorp voordelig","isPartOf":{"@id":"https:\/\/vipairporttaxi.nl\/#website"},"primaryImageOfPage":{"@id":"https:\/\/vipairporttaxi.nl\/minibus-taxi-schiphol-hoofddorp-voordelig\/#primaryimage"},"image":{"@id":"https:\/\/vipairporttaxi.nl\/minibus-taxi-schiphol-hoofddorp-voordelig\/#primaryimage"},"thumbnailUrl":"https:\/\/vipairporttaxi.nl\/wp-content\/uploads\/2025\/08\/Hotel-taxi-600x380-1.jpg","datePublished":"2025-09-26T23:13:58+00:00","dateModified":"2025-09-26T23:14:39+00:00","breadcrumb":{"@id":"https:\/\/vipairporttaxi.nl\/minibus-taxi-schiphol-hoofddorp-voordelig\/#breadcrumb"},"inLanguage":"en-US","potentialAction":[{"@type":"ReadAction","target":["https:\/\/vipairporttaxi.nl\/minibus-taxi-schiphol-hoofddorp-voordelig\/"]}]},{"@type":"ImageObject","inLanguage":"en-US","@id":"https:\/\/vipairporttaxi.nl\/minibus-taxi-schiphol-hoofddorp-voordelig\/#primaryimage","url":"https:\/\/vipairporttaxi.nl\/wp-content\/uploads\/2025\/08\/Hotel-taxi-600x380-1.jpg","contentUrl":"https:\/\/vipairporttaxi.nl\/wp-content\/uploads\/2025\/08\/Hotel-taxi-600x380-1.jpg","width":600,"height":380,"caption":"VIP Airport Taxi"},{"@type":"BreadcrumbList","@id":"https:\/\/vipairporttaxi.nl\/minibus-taxi-schiphol-hoofddorp-voordelig\/#breadcrumb","itemListElement":[{"@type":"ListItem","position":1,"name":"Home","item":"https:\/\/vipairporttaxi.nl\/"},{"@type":"ListItem","position":2,"name":"Minibus taxi Schiphol Hoofddorp voordelig"}]},{"@type":"WebSite","@id":"https:\/\/vipairporttaxi.nl\/#website","url":"https:\/\/vipairporttaxi.nl\/","name":"VIP Airport Taxi","description":"Amsterdam Haarlemmermeer Schiphol","publisher":{"@id":"https:\/\/vipairporttaxi.nl\/#organization"},"potentialAction":[{"@type":"SearchAction","target":{"@type":"EntryPoint","urlTemplate":"https:\/\/vipairporttaxi.nl\/?s={search_term_string}"},"query-input":{"@type":"PropertyValueSpecification","valueRequired":true,"valueName":"search_term_string"}}],"inLanguage":"en-US"},{"@type":"Organization","@id":"https:\/\/vipairporttaxi.nl\/#organization","name":"Airport Taxi","url":"https:\/\/vipairporttaxi.nl\/","logo":{"@type":"ImageObject","inLanguage":"en-US","@id":"https:\/\/vipairporttaxi.nl\/#\/schema\/logo\/image\/","url":"https:\/\/vipairporttaxi.nl\/wp-content\/uploads\/2025\/08\/cropped-DALL\u00b7E-2025-01-09-17_24_43-A-modern-an.avif","contentUrl":"https:\/\/vipairporttaxi.nl\/wp-content\/uploads\/2025\/08\/cropped-DALL\u00b7E-2025-01-09-17_24_43-A-modern-an.avif","width":512,"height":512,"caption":"Airport Taxi"},"image":{"@id":"https:\/\/vipairporttaxi.nl\/#\/schema\/logo\/image\/"}}]}},"_links":{"self":[{"href":"https:\/\/vipairporttaxi.nl\/en\/wp-json\/wp\/v2\/pages\/486","targetHints":{"allow":["GET"]}}],"collection":[{"href":"https:\/\/vipairporttaxi.nl\/en\/wp-json\/wp\/v2\/pages"}],"about":[{"href":"https:\/\/vipairporttaxi.nl\/en\/wp-json\/wp\/v2\/types\/page"}],"author":[{"embeddable":true,"href":"https:\/\/vipairporttaxi.nl\/en\/wp-json\/wp\/v2\/users\/1"}],"replies":[{"embeddable":true,"href":"https:\/\/vipairporttaxi.nl\/en\/wp-json\/wp\/v2\/comments?post=486"}],"version-history":[{"count":4,"href":"https:\/\/vipairporttaxi.nl\/en\/wp-json\/wp\/v2\/pages\/486\/revisions"}],"predecessor-version":[{"id":524,"href":"https:\/\/vipairporttaxi.nl\/en\/wp-json\/wp\/v2\/pages\/486\/revisions\/524"}],"wp:featuredmedia":[{"embeddable":true,"href":"https:\/\/vipairporttaxi.nl\/en\/wp-json\/wp\/v2\/media\/315"}],"wp:attachment":[{"href":"https:\/\/vipairporttaxi.nl\/en\/wp-json\/wp\/v2\/media?parent=486"}],"curies":[{"name":"wp","href":"https:\/\/api.w.org\/{rel}","templated":true}]}}